{"id":12,"date":"2026-02-19T10:35:48","date_gmt":"2026-02-19T09:35:48","guid":{"rendered":"https:\/\/emmac.my-secu.link\/?page_id=12"},"modified":"2026-04-16T11:54:02","modified_gmt":"2026-04-16T09:54:02","slug":"presentation-%f0%9f%8d%9b","status":"publish","type":"page","link":"https:\/\/emmac.my-secu.link\/","title":{"rendered":"Welcome !"},"content":{"rendered":"\n<p>Bienvenue sur&nbsp;<strong>notre univers culinaire<\/strong>, un espace d\u00e9di\u00e9 \u00e0 tous les amoureux de la bonne cuisine, des d\u00e9butants curieux aux passionn\u00e9s des fourneaux. Ici, chaque recette est pens\u00e9e pour \u00eatre&nbsp;<strong>simple, savoureuse et accessible<\/strong>, avec des ingr\u00e9dients faciles \u00e0 trouver et des explications pas \u00e0 pas.<\/p>\n\n\n\n<p>Que vous cherchiez une id\u00e9e rapide pour le quotidien, un plat r\u00e9confortant \u00e0 partager en famille ou une recette originale pour impressionner vos invit\u00e9s, vous \u00eates au bon endroit !<\/p>\n\n\n\n<p>Enfilez votre tablier, laissez-vous guider et d\u00e9couvrez le plaisir de cuisiner maison, jour apr\u00e8s jour. \ud83c\udf7d\ufe0f<\/p>\n\n\n\n<blockquote class=\"wp-block-quote is-layout-flow wp-block-quote-is-layout-flow\">\n<figure class=\"wp-block-gallery has-nested-images columns-default is-cropped wp-block-gallery-1 is-layout-flex wp-block-gallery-is-layout-flex\">\n<figure class=\"wp-block-image size-large\"><img fetchpriority=\"high\" decoding=\"async\" width=\"768\" height=\"1024\" data-id=\"16\" src=\"https:\/\/emmac.my-secu.link\/wp-content\/uploads\/2026\/02\/IMG_5617-768x1024.jpeg\" alt=\"\" class=\"wp-image-16\" srcset=\"https:\/\/emmac.my-secu.link\/wp-content\/uploads\/2026\/02\/IMG_5617-768x1024.jpeg 768w, https:\/\/emmac.my-secu.link\/wp-content\/uploads\/2026\/02\/IMG_5617-scaled-600x800.jpeg 600w, https:\/\/emmac.my-secu.link\/wp-content\/uploads\/2026\/02\/IMG_5617-225x300.jpeg 225w, https:\/\/emmac.my-secu.link\/wp-content\/uploads\/2026\/02\/IMG_5617-1152x1536.jpeg 1152w, https:\/\/emmac.my-secu.link\/wp-content\/uploads\/2026\/02\/IMG_5617-1536x2048.jpeg 1536w, https:\/\/emmac.my-secu.link\/wp-content\/uploads\/2026\/02\/IMG_5617-scaled.jpeg 1920w\" sizes=\"(max-width: 768px) 100vw, 768px\" \/><\/figure>\n\n\n\n<figure class=\"wp-block-image size-large\"><img decoding=\"async\" width=\"768\" height=\"1024\" data-id=\"14\" src=\"https:\/\/emmac.my-secu.link\/wp-content\/uploads\/2026\/02\/IMG_5262-768x1024.jpeg\" alt=\"\" class=\"wp-image-14\" srcset=\"https:\/\/emmac.my-secu.link\/wp-content\/uploads\/2026\/02\/IMG_5262-768x1024.jpeg 768w, https:\/\/emmac.my-secu.link\/wp-content\/uploads\/2026\/02\/IMG_5262-scaled-600x800.jpeg 600w, https:\/\/emmac.my-secu.link\/wp-content\/uploads\/2026\/02\/IMG_5262-225x300.jpeg 225w, https:\/\/emmac.my-secu.link\/wp-content\/uploads\/2026\/02\/IMG_5262-1152x1536.jpeg 1152w, https:\/\/emmac.my-secu.link\/wp-content\/uploads\/2026\/02\/IMG_5262-1536x2048.jpeg 1536w, https:\/\/emmac.my-secu.link\/wp-content\/uploads\/2026\/02\/IMG_5262-scaled.jpeg 1920w\" sizes=\"(max-width: 768px) 100vw, 768px\" \/><\/figure>\n\n\n\n<figure class=\"wp-block-image size-large\"><img decoding=\"async\" width=\"768\" height=\"1024\" data-id=\"15\" src=\"https:\/\/emmac.my-secu.link\/wp-content\/uploads\/2026\/02\/IMG_4766-768x1024.jpeg\" alt=\"\" class=\"wp-image-15\" srcset=\"https:\/\/emmac.my-secu.link\/wp-content\/uploads\/2026\/02\/IMG_4766-768x1024.jpeg 768w, https:\/\/emmac.my-secu.link\/wp-content\/uploads\/2026\/02\/IMG_4766-scaled-600x800.jpeg 600w, https:\/\/emmac.my-secu.link\/wp-content\/uploads\/2026\/02\/IMG_4766-225x300.jpeg 225w, https:\/\/emmac.my-secu.link\/wp-content\/uploads\/2026\/02\/IMG_4766-1152x1536.jpeg 1152w, https:\/\/emmac.my-secu.link\/wp-content\/uploads\/2026\/02\/IMG_4766-1536x2048.jpeg 1536w, https:\/\/emmac.my-secu.link\/wp-content\/uploads\/2026\/02\/IMG_4766-scaled.jpeg 1920w\" sizes=\"(max-width: 768px) 100vw, 768px\" \/><\/figure>\n<\/figure>\n<\/blockquote>\n","protected":false},"excerpt":{"rendered":"<p>Bienvenue sur&nbsp;notre univers culinaire, un espace d\u00e9di\u00e9 \u00e0 tous les amoureux de la bonne cuisine, des d\u00e9butants curieux aux passionn\u00e9s des fourneaux. Ici, chaque recette est pens\u00e9e pour \u00eatre&nbsp;simple, savoureuse et accessible, avec des ingr\u00e9dients faciles \u00e0 trouver et des explications pas \u00e0 pas. Que vous cherchiez une id\u00e9e rapide pour le quotidien, un plat [&hellip;]<\/p>\n","protected":false},"author":1,"featured_media":0,"parent":0,"menu_order":0,"comment_status":"closed","ping_status":"closed","template":"","meta":{"footnotes":""},"class_list":["post-12","page","type-page","status-publish","hentry"],"_links":{"self":[{"href":"https:\/\/emmac.my-secu.link\/index.php\/wp-json\/wp\/v2\/pages\/12","targetHints":{"allow":["GET"]}}],"collection":[{"href":"https:\/\/emmac.my-secu.link\/index.php\/wp-json\/wp\/v2\/pages"}],"about":[{"href":"https:\/\/emmac.my-secu.link\/index.php\/wp-json\/wp\/v2\/types\/page"}],"author":[{"embeddable":true,"href":"https:\/\/emmac.my-secu.link\/index.php\/wp-json\/wp\/v2\/users\/1"}],"replies":[{"embeddable":true,"href":"https:\/\/emmac.my-secu.link\/index.php\/wp-json\/wp\/v2\/comments?post=12"}],"version-history":[{"count":3,"href":"https:\/\/emmac.my-secu.link\/index.php\/wp-json\/wp\/v2\/pages\/12\/revisions"}],"predecessor-version":[{"id":33,"href":"https:\/\/emmac.my-secu.link\/index.php\/wp-json\/wp\/v2\/pages\/12\/revisions\/33"}],"wp:attachment":[{"href":"https:\/\/emmac.my-secu.link\/index.php\/wp-json\/wp\/v2\/media?parent=12"}],"curies":[{"name":"wp","href":"https:\/\/api.w.org\/{rel}","templated":true}]}}